{"id":12042,"date":"2019-04-01T13:53:12","date_gmt":"2019-04-01T11:53:12","guid":{"rendered":"https:\/\/manuf.bme.hu\/?page_id=12042"},"modified":"2019-04-01T13:53:13","modified_gmt":"2019-04-01T11:53:13","slug":"ginop-ff1","status":"publish","type":"page","link":"https:\/\/manuf.bme.hu\/?page_id=12042&lang=en","title":{"rendered":"GINOP-FF1"},"content":{"rendered":"<div id=\"pl-12042\"  class=\"panel-layout\" ><div id=\"pg-12042-0\"  class=\"panel-grid panel-no-style\" ><div id=\"pgc-12042-0-0\"  class=\"panel-grid-cell\" ><div id=\"panel-12042-0-0-0\" class=\"so-panel widget widget_sow-image panel-first-child panel-last-child\" data-index=\"0\" ><div\n\t\t\t\n\t\t\tclass=\"so-widget-sow-image so-widget-sow-image-default-c67d20f9f743-12042\"\n\t\t\t\n\t\t>\n<div class=\"sow-image-container\">\n\t\t<img \n\tsrc=\"https:\/\/manuf.bme.hu\/wp-content\/uploads\/2019\/03\/BME-GTT_palyazatok_GINOP-16_logo.png\" width=\"1027\" height=\"100\" srcset=\"https:\/\/manuf.bme.hu\/wp-content\/uploads\/2019\/03\/BME-GTT_palyazatok_GINOP-16_logo.png 1027w, https:\/\/manuf.bme.hu\/wp-content\/uploads\/2019\/03\/BME-GTT_palyazatok_GINOP-16_logo-300x29.png 300w, https:\/\/manuf.bme.hu\/wp-content\/uploads\/2019\/03\/BME-GTT_palyazatok_GINOP-16_logo-768x75.png 768w, https:\/\/manuf.bme.hu\/wp-content\/uploads\/2019\/03\/BME-GTT_palyazatok_GINOP-16_logo-1024x100.png 1024w\" sizes=\"(max-width: 1027px) 100vw, 1027px\" alt=\"\" \t\tclass=\"so-widget-image\"\/>\n\t<\/div>\n\n<\/div><\/div><\/div><\/div><div id=\"pg-12042-1\"  class=\"panel-grid panel-no-style\" ><div id=\"pgc-12042-1-0\"  class=\"panel-grid-cell\" ><div id=\"panel-12042-1-0-0\" class=\"so-panel widget widget_sow-editor panel-first-child panel-last-child\" data-index=\"1\" ><div\n\t\t\t\n\t\t\tclass=\"so-widget-sow-editor so-widget-sow-editor-base\"\n\t\t\t\n\t\t>\n<div class=\"siteorigin-widget-tinymce textwidget\">\n\t<p><strong>Project's full title:<\/strong><\/p><\/div>\n<\/div><\/div><\/div><div id=\"pgc-12042-1-1\"  class=\"panel-grid-cell\" ><div id=\"panel-12042-1-1-0\" class=\"so-panel widget widget_sow-editor panel-first-child panel-last-child\" data-index=\"2\" ><div\n\t\t\t\n\t\t\tclass=\"so-widget-sow-editor so-widget-sow-editor-base\"\n\t\t\t\n\t\t>\n<div class=\"siteorigin-widget-tinymce textwidget\">\n\t<p>Ipar 4.0 kutat\u00e1si \u00e9s innov\u00e1ci\u00f3s kiv\u00e1l\u00f3s\u00e1gi k\u00f6zpont<\/p>\n<\/div>\n<\/div><\/div><\/div><\/div><div id=\"pg-12042-2\"  class=\"panel-grid panel-no-style\" ><div id=\"pgc-12042-2-0\"  class=\"panel-grid-cell\" ><div id=\"panel-12042-2-0-0\" class=\"so-panel widget widget_sow-editor panel-first-child panel-last-child\" data-index=\"3\" ><div\n\t\t\t\n\t\t\tclass=\"so-widget-sow-editor so-widget-sow-editor-base\"\n\t\t\t\n\t\t>\n<div class=\"siteorigin-widget-tinymce textwidget\">\n\t<p><strong>Short name:<\/strong><\/p><\/div>\n<\/div><\/div><\/div><div id=\"pgc-12042-2-1\"  class=\"panel-grid-cell\" ><div id=\"panel-12042-2-1-0\" class=\"so-panel widget widget_sow-editor panel-first-child panel-last-child\" data-index=\"4\" ><div\n\t\t\t\n\t\t\tclass=\"so-widget-sow-editor so-widget-sow-editor-base\"\n\t\t\t\n\t\t>\n<div class=\"siteorigin-widget-tinymce textwidget\">\n\t<p>GINOP-FF1<\/p>\n<\/div>\n<\/div><\/div><\/div><\/div><div id=\"pg-12042-3\"  class=\"panel-grid panel-no-style\" ><div id=\"pgc-12042-3-0\"  class=\"panel-grid-cell\" ><div id=\"panel-12042-3-0-0\" class=\"so-panel widget widget_sow-editor panel-first-child panel-last-child\" data-index=\"5\" ><div\n\t\t\t\n\t\t\tclass=\"so-widget-sow-editor so-widget-sow-editor-base\"\n\t\t\t\n\t\t>\n<div class=\"siteorigin-widget-tinymce textwidget\">\n\t<p><strong>Homepage:<\/strong><\/p><\/div>\n<\/div><\/div><\/div><div id=\"pgc-12042-3-1\"  class=\"panel-grid-cell\" ><div id=\"panel-12042-3-1-0\" class=\"so-panel widget widget_sow-editor panel-first-child panel-last-child\" data-index=\"6\" ><div\n\t\t\t\n\t\t\tclass=\"so-widget-sow-editor so-widget-sow-editor-base\"\n\t\t\t\n\t\t>\n<div class=\"siteorigin-widget-tinymce textwidget\">\n\t<p><a href=\"https:\/\/ipar40kutatas.hu\/\">https:\/\/ipar40kutatas.hu\/<\/a><\/p>\n<\/div>\n<\/div><\/div><\/div><\/div><div id=\"pg-12042-4\"  class=\"panel-grid panel-no-style\" ><div id=\"pgc-12042-4-0\"  class=\"panel-grid-cell\" ><div id=\"panel-12042-4-0-0\" class=\"so-panel widget widget_sow-editor panel-first-child panel-last-child\" data-index=\"7\" ><div\n\t\t\t\n\t\t\tclass=\"so-widget-sow-editor so-widget-sow-editor-base\"\n\t\t\t\n\t\t>\n<div class=\"siteorigin-widget-tinymce textwidget\">\n\t<p><strong>Topic:<\/strong><\/p><\/div>\n<\/div><\/div><\/div><div id=\"pgc-12042-4-1\"  class=\"panel-grid-cell\" ><div id=\"panel-12042-4-1-0\" class=\"so-panel widget widget_sow-editor panel-first-child panel-last-child\" data-index=\"8\" ><div\n\t\t\t\n\t\t\tclass=\"so-widget-sow-editor so-widget-sow-editor-base\"\n\t\t\t\n\t\t>\n<div class=\"siteorigin-widget-tinymce textwidget\">\n\t<p>GINOP-2.3.2-15-2016<\/p>\n<\/div>\n<\/div><\/div><\/div><\/div><div id=\"pg-12042-5\"  class=\"panel-grid panel-no-style\" ><div id=\"pgc-12042-5-0\"  class=\"panel-grid-cell\" ><div id=\"panel-12042-5-0-0\" class=\"so-panel widget widget_sow-editor panel-first-child panel-last-child\" data-index=\"9\" ><div\n\t\t\t\n\t\t\tclass=\"so-widget-sow-editor so-widget-sow-editor-base\"\n\t\t\t\n\t\t>\n<div class=\"siteorigin-widget-tinymce textwidget\">\n\t<p><strong>Grant agreement ID:<br \/><\/strong><\/p><\/div>\n<\/div><\/div><\/div><div id=\"pgc-12042-5-1\"  class=\"panel-grid-cell\" ><div id=\"panel-12042-5-1-0\" class=\"so-panel widget widget_sow-editor panel-first-child panel-last-child\" data-index=\"10\" ><div\n\t\t\t\n\t\t\tclass=\"so-widget-sow-editor so-widget-sow-editor-base\"\n\t\t\t\n\t\t>\n<div class=\"siteorigin-widget-tinymce textwidget\">\n\t<p>00002<\/p>\n<\/div>\n<\/div><\/div><\/div><\/div><div id=\"pg-12042-6\"  class=\"panel-grid panel-no-style\" ><div id=\"pgc-12042-6-0\"  class=\"panel-grid-cell\" ><div id=\"panel-12042-6-0-0\" class=\"so-panel widget widget_sow-editor panel-first-child panel-last-child\" data-index=\"11\" ><div\n\t\t\t\n\t\t\tclass=\"so-widget-sow-editor so-widget-sow-editor-base\"\n\t\t\t\n\t\t>\n<div class=\"siteorigin-widget-tinymce textwidget\">\n\t<p><strong>Years active:<br \/><\/strong><\/p><\/div>\n<\/div><\/div><\/div><div id=\"pgc-12042-6-1\"  class=\"panel-grid-cell\" ><div id=\"panel-12042-6-1-0\" class=\"so-panel widget widget_sow-editor panel-first-child panel-last-child\" data-index=\"12\" ><div\n\t\t\t\n\t\t\tclass=\"so-widget-sow-editor so-widget-sow-editor-base\"\n\t\t\t\n\t\t>\n<div class=\"siteorigin-widget-tinymce textwidget\">\n\t<p>2017 - 2018<\/p>\n<\/div>\n<\/div><\/div><\/div><\/div><div id=\"pg-12042-7\"  class=\"panel-grid panel-no-style\" ><div id=\"pgc-12042-7-0\"  class=\"panel-grid-cell\" ><div id=\"panel-12042-7-0-0\" class=\"so-panel widget widget_sow-editor panel-first-child panel-last-child\" data-index=\"13\" ><div\n\t\t\t\n\t\t\tclass=\"so-widget-sow-editor so-widget-sow-editor-base\"\n\t\t\t\n\t\t>\n<div class=\"siteorigin-widget-tinymce textwidget\">\n\t<p><strong>Domestic partners:<\/strong><\/p><\/div>\n<\/div><\/div><\/div><div id=\"pgc-12042-7-1\"  class=\"panel-grid-cell\" ><div id=\"panel-12042-7-1-0\" class=\"so-panel widget widget_sow-editor panel-first-child panel-last-child\" data-index=\"14\" ><div\n\t\t\t\n\t\t\tclass=\"so-widget-sow-editor so-widget-sow-editor-base\"\n\t\t\t\n\t\t>\n<div class=\"siteorigin-widget-tinymce textwidget\">\n\t<p><u><a href=\"https:\/\/www.sztaki.hu\/en\">Institute for Computer Science and Control, Hungarian Academy of Sciences (MTA-SZTAKI)<\/a><\/u><\/p>\n<\/div>\n<\/div><\/div><\/div><\/div><div id=\"pg-12042-8\"  class=\"panel-grid panel-no-style\" ><div id=\"pgc-12042-8-0\"  class=\"panel-grid-cell\" ><div id=\"panel-12042-8-0-0\" class=\"so-panel widget widget_sow-editor panel-first-child panel-last-child\" data-index=\"15\" ><div\n\t\t\t\n\t\t\tclass=\"so-widget-sow-editor so-widget-sow-editor-base\"\n\t\t\t\n\t\t>\n<div class=\"siteorigin-widget-tinymce textwidget\">\n\t<p><strong>Objectives:<\/strong><\/p>\n<p>Under construction.<\/p>\n<\/div>\n<\/div><\/div><\/div><\/div><\/div>","protected":false},"excerpt":{"rendered":"<p>Project&#8217;s full title: Ipar 4.0 kutat\u00e1si \u00e9s innov\u00e1ci\u00f3s kiv\u00e1l\u00f3s\u00e1gi k\u00f6zpont<\/p>\n","protected":false},"author":43,"featured_media":0,"parent":0,"menu_order":0,"comment_status":"closed","ping_status":"closed","template":"","meta":{"_cbd_carousel_blocks":"[]","jetpack_post_was_ever_published":false,"footnotes":""},"class_list":["post-12042","page","type-page","status-publish","hentry"],"jetpack_sharing_enabled":true,"_links":{"self":[{"href":"https:\/\/manuf.bme.hu\/index.php?rest_route=\/wp\/v2\/pages\/12042","targetHints":{"allow":["GET"]}}],"collection":[{"href":"https:\/\/manuf.bme.hu\/index.php?rest_route=\/wp\/v2\/pages"}],"about":[{"href":"https:\/\/manuf.bme.hu\/index.php?rest_route=\/wp\/v2\/types\/page"}],"author":[{"embeddable":true,"href":"https:\/\/manuf.bme.hu\/index.php?rest_route=\/wp\/v2\/users\/43"}],"replies":[{"embeddable":true,"href":"https:\/\/manuf.bme.hu\/index.php?rest_route=%2Fwp%2Fv2%2Fcomments&post=12042"}],"version-history":[{"count":0,"href":"https:\/\/manuf.bme.hu\/index.php?rest_route=\/wp\/v2\/pages\/12042\/revisions"}],"wp:attachment":[{"href":"https:\/\/manuf.bme.hu\/index.php?rest_route=%2Fwp%2Fv2%2Fmedia&parent=12042"}],"curies":[{"name":"wp","href":"https:\/\/api.w.org\/{rel}","templated":true}]}}