{"id":1653,"date":"2015-10-05T16:03:49","date_gmt":"2015-10-05T14:03:49","guid":{"rendered":"http:\/\/teszt.manuf.bme.hu\/?page_id=1653"},"modified":"2019-10-04T22:32:50","modified_gmt":"2019-10-04T20:32:50","slug":"kulonleges-robotok-es-robotkezek-bmegegtmm67","status":"publish","type":"page","link":"https:\/\/manuf.bme.hu\/?page_id=1653","title":{"rendered":"K\u00fcl\u00f6nleges robotok \u00e9s robotkezek (BMEGEGTMM67)"},"content":{"rendered":"","protected":true},"excerpt":{"rendered":"","protected":true},"author":3,"featured_media":0,"parent":0,"menu_order":136,"comment_status":"closed","ping_status":"closed","template":"","meta":{"_cbd_carousel_blocks":"[]","jetpack_post_was_ever_published":false,"footnotes":""},"class_list":["post-1653","page","type-page","status-publish","post-password-required","hentry"],"jetpack_sharing_enabled":true,"_links":{"self":[{"href":"https:\/\/manuf.bme.hu\/index.php?rest_route=\/wp\/v2\/pages\/1653","targetHints":{"allow":["GET"]}}],"collection":[{"href":"https:\/\/manuf.bme.hu\/index.php?rest_route=\/wp\/v2\/pages"}],"about":[{"href":"https:\/\/manuf.bme.hu\/index.php?rest_route=\/wp\/v2\/types\/page"}],"author":[{"embeddable":true,"href":"https:\/\/manuf.bme.hu\/index.php?rest_route=\/wp\/v2\/users\/3"}],"replies":[{"embeddable":true,"href":"https:\/\/manuf.bme.hu\/index.php?rest_route=%2Fwp%2Fv2%2Fcomments&post=1653"}],"version-history":[{"count":0,"href":"https:\/\/manuf.bme.hu\/index.php?rest_route=\/wp\/v2\/pages\/1653\/revisions"}],"wp:attachment":[{"href":"https:\/\/manuf.bme.hu\/index.php?rest_route=%2Fwp%2Fv2%2Fmedia&parent=1653"}],"curies":[{"name":"wp","href":"https:\/\/api.w.org\/{rel}","templated":true}]}}