{"id":1689,"date":"2015-10-05T16:03:50","date_gmt":"2015-10-05T14:03:50","guid":{"rendered":"http:\/\/teszt.manuf.bme.hu\/?page_id=1689"},"modified":"2018-09-05T08:35:19","modified_gmt":"2018-09-05T06:35:19","slug":"nc-technologia-es-programozas-bmegegtam73","status":"publish","type":"page","link":"https:\/\/manuf.bme.hu\/?page_id=1689","title":{"rendered":"NC technol\u00f3gia \u00e9s programoz\u00e1s (BMEGEGTAM73)"},"content":{"rendered":"","protected":true},"excerpt":{"rendered":"","protected":true},"author":3,"featured_media":0,"parent":0,"menu_order":172,"comment_status":"closed","ping_status":"closed","template":"","meta":{"_cbd_carousel_blocks":"[]","jetpack_post_was_ever_published":false,"footnotes":""},"class_list":["post-1689","page","type-page","status-publish","post-password-required","hentry"],"jetpack_sharing_enabled":true,"_links":{"self":[{"href":"https:\/\/manuf.bme.hu\/index.php?rest_route=\/wp\/v2\/pages\/1689","targetHints":{"allow":["GET"]}}],"collection":[{"href":"https:\/\/manuf.bme.hu\/index.php?rest_route=\/wp\/v2\/pages"}],"about":[{"href":"https:\/\/manuf.bme.hu\/index.php?rest_route=\/wp\/v2\/types\/page"}],"author":[{"embeddable":true,"href":"https:\/\/manuf.bme.hu\/index.php?rest_route=\/wp\/v2\/users\/3"}],"replies":[{"embeddable":true,"href":"https:\/\/manuf.bme.hu\/index.php?rest_route=%2Fwp%2Fv2%2Fcomments&post=1689"}],"version-history":[{"count":0,"href":"https:\/\/manuf.bme.hu\/index.php?rest_route=\/wp\/v2\/pages\/1689\/revisions"}],"wp:attachment":[{"href":"https:\/\/manuf.bme.hu\/index.php?rest_route=%2Fwp%2Fv2%2Fmedia&parent=1689"}],"curies":[{"name":"wp","href":"https:\/\/api.w.org\/{rel}","templated":true}]}}