{"id":347,"date":"2015-08-14T14:04:46","date_gmt":"2015-08-14T12:04:46","guid":{"rendered":"http:\/\/teszt.manuf.bme.hu\/?page_id=347"},"modified":"2025-08-11T14:09:02","modified_gmt":"2025-08-11T12:09:02","slug":"dr-szalay-tibor","status":"publish","type":"page","link":"https:\/\/manuf.bme.hu\/?page_id=347","title":{"rendered":"Dr. Szalay Tibor"},"content":{"rendered":"<p>c\u00edmzetes egyetemi tan\u00e1r<\/p>\n<p><a href=\"https:\/\/orcid.org\/0000-0003-3446-2898\"><img loading=\"lazy\" decoding=\"async\" data-attachment-id=\"15256\" data-permalink=\"https:\/\/manuf.bme.hu\/?attachment_id=15256\" data-orig-file=\"https:\/\/manuf.bme.hu\/wp-content\/uploads\/2021\/04\/orcid.png\" data-orig-size=\"24,24\" data-comments-opened=\"0\" data-image-meta=\"{&quot;aperture&quot;:&quot;0&quot;,&quot;credit&quot;:&quot;&quot;,&quot;camera&quot;:&quot;&quot;,&quot;caption&quot;:&quot;&quot;,&quot;created_timestamp&quot;:&quot;0&quot;,&quot;copyright&quot;:&quot;&quot;,&quot;focal_length&quot;:&quot;0&quot;,&quot;iso&quot;:&quot;0&quot;,&quot;shutter_speed&quot;:&quot;0&quot;,&quot;title&quot;:&quot;&quot;,&quot;orientation&quot;:&quot;0&quot;}\" data-image-title=\"orcid\" data-image-description=\"\" data-image-caption=\"\" data-medium-file=\"https:\/\/manuf.bme.hu\/wp-content\/uploads\/2021\/04\/orcid.png\" data-large-file=\"https:\/\/manuf.bme.hu\/wp-content\/uploads\/2021\/04\/orcid.png\" class=\"alignnone size-full wp-image-15256\" src=\"https:\/\/manuf.bme.hu\/wp-content\/uploads\/2021\/04\/orcid.png\" alt=\"\" width=\"24\" height=\"24\" \/><\/a> \u00a0 <a href=\"https:\/\/publons.com\/researcher\/2777392\/tibor-szalay\/\"><img loading=\"lazy\" decoding=\"async\" data-attachment-id=\"15255\" data-permalink=\"https:\/\/manuf.bme.hu\/?attachment_id=15255\" data-orig-file=\"https:\/\/manuf.bme.hu\/wp-content\/uploads\/2021\/04\/rid.png\" data-orig-size=\"20,20\" data-comments-opened=\"0\" data-image-meta=\"{&quot;aperture&quot;:&quot;0&quot;,&quot;credit&quot;:&quot;&quot;,&quot;camera&quot;:&quot;&quot;,&quot;caption&quot;:&quot;&quot;,&quot;created_timestamp&quot;:&quot;0&quot;,&quot;copyright&quot;:&quot;&quot;,&quot;focal_length&quot;:&quot;0&quot;,&quot;iso&quot;:&quot;0&quot;,&quot;shutter_speed&quot;:&quot;0&quot;,&quot;title&quot;:&quot;&quot;,&quot;orientation&quot;:&quot;0&quot;}\" data-image-title=\"rid\" data-image-description=\"\" data-image-caption=\"\" data-medium-file=\"https:\/\/manuf.bme.hu\/wp-content\/uploads\/2021\/04\/rid.png\" data-large-file=\"https:\/\/manuf.bme.hu\/wp-content\/uploads\/2021\/04\/rid.png\" class=\"alignnone size-full wp-image-15255\" src=\"https:\/\/manuf.bme.hu\/wp-content\/uploads\/2021\/04\/rid.png\" alt=\"\" width=\"20\" height=\"20\" \/><\/a> \u00a0 <a href=\"https:\/\/www.scopus.com\/authid\/detail.uri?authorId=24340106500\"><img loading=\"lazy\" decoding=\"async\" data-attachment-id=\"15254\" data-permalink=\"https:\/\/manuf.bme.hu\/?attachment_id=15254\" data-orig-file=\"https:\/\/manuf.bme.hu\/wp-content\/uploads\/2021\/04\/scopus.png\" data-orig-size=\"16,16\" data-comments-opened=\"0\" data-image-meta=\"{&quot;aperture&quot;:&quot;0&quot;,&quot;credit&quot;:&quot;&quot;,&quot;camera&quot;:&quot;&quot;,&quot;caption&quot;:&quot;&quot;,&quot;created_timestamp&quot;:&quot;0&quot;,&quot;copyright&quot;:&quot;&quot;,&quot;focal_length&quot;:&quot;0&quot;,&quot;iso&quot;:&quot;0&quot;,&quot;shutter_speed&quot;:&quot;0&quot;,&quot;title&quot;:&quot;&quot;,&quot;orientation&quot;:&quot;0&quot;}\" data-image-title=\"scopus\" data-image-description=\"\" data-image-caption=\"\" data-medium-file=\"https:\/\/manuf.bme.hu\/wp-content\/uploads\/2021\/04\/scopus.png\" data-large-file=\"https:\/\/manuf.bme.hu\/wp-content\/uploads\/2021\/04\/scopus.png\" class=\"alignnone size-full wp-image-15254\" src=\"https:\/\/manuf.bme.hu\/wp-content\/uploads\/2021\/04\/scopus.png\" alt=\"\" width=\"16\" height=\"16\" \/><\/a> \u00a0 <a href=\"https:\/\/scholar.google.hu\/citations?user=NbDsCkQAAAAJ&amp;hl=hu&amp;oi=ao\"><img loading=\"lazy\" decoding=\"async\" data-attachment-id=\"15253\" data-permalink=\"https:\/\/manuf.bme.hu\/?attachment_id=15253\" data-orig-file=\"https:\/\/manuf.bme.hu\/wp-content\/uploads\/2021\/04\/google.png\" data-orig-size=\"16,16\" data-comments-opened=\"0\" data-image-meta=\"{&quot;aperture&quot;:&quot;0&quot;,&quot;credit&quot;:&quot;&quot;,&quot;camera&quot;:&quot;&quot;,&quot;caption&quot;:&quot;&quot;,&quot;created_timestamp&quot;:&quot;0&quot;,&quot;copyright&quot;:&quot;&quot;,&quot;focal_length&quot;:&quot;0&quot;,&quot;iso&quot;:&quot;0&quot;,&quot;shutter_speed&quot;:&quot;0&quot;,&quot;title&quot;:&quot;&quot;,&quot;orientation&quot;:&quot;0&quot;}\" data-image-title=\"google\" data-image-description=\"\" data-image-caption=\"\" data-medium-file=\"https:\/\/manuf.bme.hu\/wp-content\/uploads\/2021\/04\/google.png\" data-large-file=\"https:\/\/manuf.bme.hu\/wp-content\/uploads\/2021\/04\/google.png\" class=\"alignnone size-full wp-image-15253\" src=\"https:\/\/manuf.bme.hu\/wp-content\/uploads\/2021\/04\/google.png\" alt=\"\" width=\"16\" height=\"16\" \/><\/a> \u00a0 <a href=\"https:\/\/www.researchgate.net\/profile\/Tibor-Szalay\"><img loading=\"lazy\" decoding=\"async\" data-attachment-id=\"15252\" data-permalink=\"https:\/\/manuf.bme.hu\/?attachment_id=15252\" data-orig-file=\"https:\/\/manuf.bme.hu\/wp-content\/uploads\/2021\/04\/rg.png\" data-orig-size=\"16,16\" data-comments-opened=\"0\" data-image-meta=\"{&quot;aperture&quot;:&quot;0&quot;,&quot;credit&quot;:&quot;&quot;,&quot;camera&quot;:&quot;&quot;,&quot;caption&quot;:&quot;&quot;,&quot;created_timestamp&quot;:&quot;0&quot;,&quot;copyright&quot;:&quot;&quot;,&quot;focal_length&quot;:&quot;0&quot;,&quot;iso&quot;:&quot;0&quot;,&quot;shutter_speed&quot;:&quot;0&quot;,&quot;title&quot;:&quot;&quot;,&quot;orientation&quot;:&quot;0&quot;}\" data-image-title=\"rg\" data-image-description=\"\" data-image-caption=\"\" data-medium-file=\"https:\/\/manuf.bme.hu\/wp-content\/uploads\/2021\/04\/rg.png\" data-large-file=\"https:\/\/manuf.bme.hu\/wp-content\/uploads\/2021\/04\/rg.png\" class=\"alignnone size-full wp-image-15252\" src=\"https:\/\/manuf.bme.hu\/wp-content\/uploads\/2021\/04\/rg.png\" alt=\"\" width=\"16\" height=\"16\" \/><\/a> \u00a0\u00a0 <a href=\"https:\/\/m2.mtmt.hu\/gui2\/?type=authors&amp;mode=browse&amp;sel=10041567&amp;view=simpleList\"><img loading=\"lazy\" decoding=\"async\" data-attachment-id=\"15250\" data-permalink=\"https:\/\/manuf.bme.hu\/?attachment_id=15250\" data-orig-file=\"https:\/\/manuf.bme.hu\/wp-content\/uploads\/2021\/04\/mtmt.png\" data-orig-size=\"24,24\" data-comments-opened=\"0\" data-image-meta=\"{&quot;aperture&quot;:&quot;0&quot;,&quot;credit&quot;:&quot;&quot;,&quot;camera&quot;:&quot;&quot;,&quot;caption&quot;:&quot;&quot;,&quot;created_timestamp&quot;:&quot;0&quot;,&quot;copyright&quot;:&quot;&quot;,&quot;focal_length&quot;:&quot;0&quot;,&quot;iso&quot;:&quot;0&quot;,&quot;shutter_speed&quot;:&quot;0&quot;,&quot;title&quot;:&quot;&quot;,&quot;orientation&quot;:&quot;0&quot;}\" data-image-title=\"mtmt\" data-image-description=\"\" data-image-caption=\"\" data-medium-file=\"https:\/\/manuf.bme.hu\/wp-content\/uploads\/2021\/04\/mtmt.png\" data-large-file=\"https:\/\/manuf.bme.hu\/wp-content\/uploads\/2021\/04\/mtmt.png\" class=\"alignnone size-full wp-image-15250\" src=\"https:\/\/manuf.bme.hu\/wp-content\/uploads\/2021\/04\/mtmt.png\" alt=\"\" width=\"24\" height=\"24\" \/><\/a> \u00a0\u00a0 <a href=\"https:\/\/doktori.hu\/index.php?menuid=192&amp;lang=HU&amp;sz_ID=2737\"><img loading=\"lazy\" decoding=\"async\" data-attachment-id=\"15249\" data-permalink=\"https:\/\/manuf.bme.hu\/?attachment_id=15249\" data-orig-file=\"https:\/\/manuf.bme.hu\/wp-content\/uploads\/2021\/04\/odt.png\" data-orig-size=\"16,16\" data-comments-opened=\"0\" data-image-meta=\"{&quot;aperture&quot;:&quot;0&quot;,&quot;credit&quot;:&quot;&quot;,&quot;camera&quot;:&quot;&quot;,&quot;caption&quot;:&quot;&quot;,&quot;created_timestamp&quot;:&quot;0&quot;,&quot;copyright&quot;:&quot;&quot;,&quot;focal_length&quot;:&quot;0&quot;,&quot;iso&quot;:&quot;0&quot;,&quot;shutter_speed&quot;:&quot;0&quot;,&quot;title&quot;:&quot;&quot;,&quot;orientation&quot;:&quot;0&quot;}\" data-image-title=\"odt\" data-image-description=\"\" data-image-caption=\"\" data-medium-file=\"https:\/\/manuf.bme.hu\/wp-content\/uploads\/2021\/04\/odt.png\" data-large-file=\"https:\/\/manuf.bme.hu\/wp-content\/uploads\/2021\/04\/odt.png\" class=\"alignnone size-full wp-image-15249\" src=\"https:\/\/manuf.bme.hu\/wp-content\/uploads\/2021\/04\/odt.png\" alt=\"\" width=\"16\" height=\"16\" \/><\/a> \u00a0 <a href=\"https:\/\/www.linkedin.com\/in\/tibor-szalay-43853019\/\"><img loading=\"lazy\" decoding=\"async\" data-attachment-id=\"15265\" data-permalink=\"https:\/\/manuf.bme.hu\/?attachment_id=15265\" data-orig-file=\"https:\/\/manuf.bme.hu\/wp-content\/uploads\/2021\/04\/linkedin.png\" data-orig-size=\"32,32\" data-comments-opened=\"0\" data-image-meta=\"{&quot;aperture&quot;:&quot;0&quot;,&quot;credit&quot;:&quot;&quot;,&quot;camera&quot;:&quot;&quot;,&quot;caption&quot;:&quot;&quot;,&quot;created_timestamp&quot;:&quot;0&quot;,&quot;copyright&quot;:&quot;&quot;,&quot;focal_length&quot;:&quot;0&quot;,&quot;iso&quot;:&quot;0&quot;,&quot;shutter_speed&quot;:&quot;0&quot;,&quot;title&quot;:&quot;&quot;,&quot;orientation&quot;:&quot;0&quot;}\" data-image-title=\"linkedin\" data-image-description=\"\" data-image-caption=\"\" data-medium-file=\"https:\/\/manuf.bme.hu\/wp-content\/uploads\/2021\/04\/linkedin.png\" data-large-file=\"https:\/\/manuf.bme.hu\/wp-content\/uploads\/2021\/04\/linkedin.png\" class=\"alignnone size-full wp-image-15265\" src=\"https:\/\/manuf.bme.hu\/wp-content\/uploads\/2021\/04\/linkedin.png\" alt=\"\" width=\"32\" height=\"32\" \/><\/a><br \/>\n<img loading=\"lazy\" decoding=\"async\" class=\"so-widget-image alignright\" src=\"https:\/\/manuf.bme.hu\/wp-content\/uploads\/2017\/01\/szalay_tibor.jpg\" alt=\"\" width=\"175\" height=\"175\" \/><\/p>\n<h4><strong>El\u00e9rhet\u0151s\u00e9g<\/strong><\/h4>\n<p>Iroda: T-\u00e9p\u00fclet 4.em 43.<br \/>\nTelefon: +36 1 463-2519<\/p>\n<p>Konzult\u00e1ci\u00f3 a szorgalmi id\u0151szak alatt:<\/p>\n<p>El\u0151zetesen e-mail-ben egyeztetve.<br \/>\nE-mail:\u00a0 szalay.tibor<img loading=\"lazy\" decoding=\"async\" data-attachment-id=\"14788\" data-permalink=\"https:\/\/manuf.bme.hu\/?attachment_id=14788\" data-orig-file=\"https:\/\/manuf.bme.hu\/wp-content\/uploads\/2021\/02\/email_m_resize.png\" data-orig-size=\"96,16\" data-comments-opened=\"0\" data-image-meta=\"{&quot;aperture&quot;:&quot;0&quot;,&quot;credit&quot;:&quot;&quot;,&quot;camera&quot;:&quot;&quot;,&quot;caption&quot;:&quot;&quot;,&quot;created_timestamp&quot;:&quot;0&quot;,&quot;copyright&quot;:&quot;&quot;,&quot;focal_length&quot;:&quot;0&quot;,&quot;iso&quot;:&quot;0&quot;,&quot;shutter_speed&quot;:&quot;0&quot;,&quot;title&quot;:&quot;&quot;,&quot;orientation&quot;:&quot;0&quot;}\" data-image-title=\"email_m_resize\" data-image-description=\"\" data-image-caption=\"\" data-medium-file=\"https:\/\/manuf.bme.hu\/wp-content\/uploads\/2021\/02\/email_m_resize.png\" data-large-file=\"https:\/\/manuf.bme.hu\/wp-content\/uploads\/2021\/02\/email_m_resize.png\" class=\"inline-image alignnone wp-image-14788\" src=\"https:\/\/manuf.bme.hu\/wp-content\/uploads\/2021\/02\/email_m.png\" alt=\"\" width=\"88\" height=\"13\" \/><\/p>\n<hr \/>\n<h4><strong style=\"line-height: 1.5\">Tanulm\u00e1nyok\/ Munkahelyek<\/strong><\/h4>\n<p>2024-\u00a0\u00a0\u00a0\u00a0\u00a0\u00a0\u00a0\u00a0\u00a0\u00a0\u00a0\u00a0 c\u00edmzetes egyetemi tan\u00e1r<br \/>\n2013-2023 \u00a0 \u00a0 tansz\u00e9kvezt\u0151<br \/>\n2008-2012 \u00a0 \u00a0 tudom\u00e1nyos \u00e9s nemzetk\u00f6zi d\u00e9k\u00e1nhelyettes\u00a0 &#8211; BME G\u00e9p\u00e9szm\u00e9rn\u00f6ki Kar<br \/>\n2004-2008\u00a0\u00a0\u00a0 zalaegerszegi k\u00e9pz\u00e9s kari felel\u0151s<br \/>\n2003-2024\u00a0 \u00a0 \u00a0egyetemi docens &#8211; BME G\u00e9pgy\u00e1rt\u00e1stechnol\u00f3gia Tansz\u00e9k majd BME Gy\u00e1rt\u00e1studom\u00e1ny \u00e9s<br \/>\n\u2013technol\u00f3gia Tansz\u00e9k<br \/>\n2001. \u00a0 \u00a0 UNESCO Training in Technology Education (Technol\u00f3gia Oktat\u00e1si Tov\u00e1bbk\u00e9pz\u00e9s, UNESCO)<br \/>\n20012208009\/HRDI<br \/>\n1998. \u00a0 \u00a0 T\u00e1voktat\u00e1si tutor (BME-TK 3\/1998)<br \/>\n1998. \u00a0 \u00a0 Innov\u00e1ci\u00f3 menedzsment (BME-TK 8\/1998<br \/>\n1991-2003. \u00a0 \u00a0egyetemi adjunktus &#8211; BME G\u00e9pgy\u00e1rt\u00e1stechnol\u00f3gia Tansz\u00e9k<br \/>\n1988-1991. \u00a0 \u00a0tudom\u00e1nyos munkat\u00e1rs &#8211; BME G\u00e9pgy\u00e1rt\u00e1stechnol\u00f3gia Tansz\u00e9k<br \/>\n1986-1988. \u00a0 \u00a0tudom\u00e1nyos seg\u00e9dmunkat\u00e1rs &#8211; BME G\u00e9pgy\u00e1rt\u00e1stechnol\u00f3gia Tansz\u00e9k<br \/>\n1983. \u00a0 \u00a0 okleveles g\u00e9p\u00e9szm\u00e9rn\u00f6k (112\/1983)<br \/>\n1978-1983. \u00a0 \u00a0Budapesti M\u0171szaki Egyetem, matematikus m\u00e9rn\u00f6k<\/p>\n<h4><strong>Tudom\u00e1nyos fokozatok<\/strong><\/h4>\n<ol>\n<li>\u00a0 \u00a0 Egyetemi Doktori (PhD) fokozat (\u201eKorszer\u0171 jelfeldolgoz\u00e1si m\u00f3dszerek alkalmaz\u00e1sa a gy\u00e1rt\u00f3cella fel\u00fcgyeletben\u201d) BME 1106-PhD<\/li>\n<li>\u00a0 \u00a0 Egyetemi Doktori fokozat (&#8222;Dinamikus homlokmar\u00e1si modell \u00e9s gyakorlati alkalmaz\u00e1sai&#8221;) BME 5174\/1991<\/li>\n<\/ol>\n<h4><strong>D\u00edjak, elismer\u00e9sek, \u00f6szt\u00f6nd\u00edjak<\/strong><\/h4>\n<p>2025.     J\u00f3zsef N\u00e1dor Eml\u00e9k\u00e9rem<br \/>\n2019.\u00a0\u00a0\u00a0\u00a0 Rektori dics\u00e9ret<br \/>\n2016. \u00a0 \u00a0 Gillemot D\u00edj A Magyar G\u00e9p\u00e9szm\u00e9rn\u00f6k\u00e9rt<br \/>\n2015. \u00a0 \u00a0 Magyar \u00c9rdemrend lovagkeresztje<br \/>\n2013. \u00a0 \u00a0 Rektori dics\u00e9ret<br \/>\n2003. \u00a0 \u00a0 B\u00e9k\u00e9ssy Gy\u00f6rgy Posztdoktori \u00d6szt\u00f6nd\u00edj (docensi kinevez\u00e9s ut\u00e1n megsz\u00fcnt 2003-ban)<br \/>\n1999-2002. \u00a0 \u00a0 Bolyai Kutat\u00f3i \u00d6szt\u00f6nd\u00edj (Magyar Tudom\u00e1nyos Akad\u00e9mia)<br \/>\n1996. \u00a0 \u00a0 GTE A technika fejleszt\u00e9s\u00e9\u00e9rt<br \/>\n1983-1986. \u00a0 \u00a0 tudom\u00e1nyos tov\u00e1bbk\u00e9pz\u00e9si \u00f6szt\u00f6nd\u00edj &#8211; BME G\u00e9pgy\u00e1rt\u00e1stechnol\u00f3gia Tansz\u00e9k<\/p>\n<h4><strong>Kutat\u00e1si ter\u00fcletek \u00e9s tev\u00e9kenys\u00e9gek<\/strong><\/h4>\n<p>Folyamatm\u00e9r\u00e9s \u00e9s fel\u00fcgyelet<br \/>\nMikro megmunk\u00e1l\u00e1sok<br \/>\nRobotos szerel\u00e9s \u00e9s automatiz\u00e1l\u00e1s<br \/>\nSz\u00e1m\u00edt\u00f3g\u00e9pes k\u00e9sz\u00fcl\u00e9kszerkeszt\u00e9s<br \/>\nForg\u00e1csol\u00e1si folyamat modellez\u00e9se<br \/>\nMesters\u00e9ges intelligencia m\u00f3dszerek<br \/>\nIpar 4.0 fejleszt\u00e9sek<\/p>\n<h4><strong>Doktori iskola<\/strong><\/h4>\n<p>Sikeres PhD: 5<br \/>\nAbszolut\u00f3riumot szerzett: 7<br \/>\nJelenlegi PhD hallgat\u00f3: 1<\/p>\n<h4><strong>Egy\u00e9b szakmai, k\u00f6z\u00e9leti tev\u00e9kenys\u00e9g<\/strong><\/h4>\n<p>Tagja a MTA K\u00f6ztest\u00fcletnek \u00e9s a G\u00e9pipari Tudom\u00e1nyos Egyes\u00fcletnek<br \/>\nAz MTA Anyagtudom\u00e1ny \u00e9s Technol\u00f3gia Tudom\u00e1nyos Bizotts\u00e1g\u00e1nak<\/p>\n<h4><strong>Publik\u00e1ci\u00f3s tev\u00e9kenys\u00e9g<\/strong><\/h4>\n<p>A teljes publik\u00e1ci\u00f3s lista az al\u00e1bbi helyen olvashat\u00f3:<br \/>\n<a href=\"https:\/\/m2.mtmt.hu\/gui2\/?type=authors&amp;mode=browse&amp;sel=10041567\">https:\/\/m2.mtmt.hu\/gui2\/?type=authors&amp;mode=browse&amp;sel=10041567<\/a><\/p>\n<h4><strong>Oktatott tant\u00e1rgyak<\/strong><\/h4>\n<p>G\u00e9pgy\u00e1rt\u00e1stechnol\u00f3gia \u2013 gyakorlat<br \/>\nGy\u00e1rt\u00e1studom\u00e1ny \u2013 el\u0151ad\u00e1s<br \/>\nK\u00e9sz\u00fcl\u00e9ktervez\u00e9s \u2013 el\u0151ad\u00e1s \u00e9s gyakorlat<br \/>\nMin\u0151s\u00e9gbiztos\u00edt\u00e1s \u00e9s karbantart\u00e1s \u2013 el\u0151ad\u00e1s \u00e9s gyakorlat<\/p>\n<h4><strong>Nyelvismeret<\/strong><\/h4>\n<p>Angol &#8211; t\u00e1rgyal\u00f3k\u00e9pes<br \/>\nOlasz &#8211; \u00edr\u00e1s, olvas\u00e1si szinten<br \/>\nOrosz &#8211; \u00edr\u00e1s, olvas\u00e1si szinten<\/p>\n<h4><strong>T\u00e9maaj\u00e1nlatok<\/strong><\/h4>\n<p>Mikroforg\u00e1csol\u00e1s folyamat \u00e9s \u00e1llapotfel\u00fcgyelet\u00e9nek fejleszt\u00e9se<br \/>\nForg\u00e1csolhat\u00f3s\u00e1g vizsg\u00e1lata<br \/>\nSzerel\u00e9si folyamat automatiz\u00e1lts\u00e1g\u00e1nak \u00e9s intelligenci\u00e1j\u00e1nak fejleszt\u00e9se<br \/>\nGy\u00e1rt\u00e1si folyamatok digitaliz\u00e1l\u00e1sa, Ipar 4.0<\/p>\n","protected":false},"excerpt":{"rendered":"<p>c\u00edmzetes egyetemi tan\u00e1r \u00a0 \u00a0 \u00a0 \u00a0 \u00a0\u00a0 \u00a0\u00a0 \u00a0 El\u00e9rhet\u0151s\u00e9g Iroda: T-\u00e9p\u00fclet 4.em 43. Telefon: +36 1 463-2519 Konzult\u00e1ci\u00f3 a szorgalmi id\u0151szak alatt: El\u0151zetesen e-mail-ben egyeztetve. E-mail:\u00a0 szalay.tibor Tanulm\u00e1nyok\/ Munkahelyek 2024-\u00a0\u00a0\u00a0\u00a0\u00a0\u00a0\u00a0\u00a0\u00a0\u00a0\u00a0\u00a0 c\u00edmzetes egyetemi tan\u00e1r 2013-2023 \u00a0 \u00a0 tansz\u00e9kvezt\u0151 2008-2012 \u00a0 \u00a0 tudom\u00e1nyos \u00e9s nemzetk\u00f6zi d\u00e9k\u00e1nhelyettes\u00a0 &#8211; BME G\u00e9p\u00e9szm\u00e9rn\u00f6ki Kar 2004-2008\u00a0\u00a0\u00a0 zalaegerszegi k\u00e9pz\u00e9s kari felel\u0151s&#8230;<\/p>\n<p class=\"more-link-wrap\"><a href=\"https:\/\/manuf.bme.hu\/?page_id=347\" class=\"more-link\">B\u0151vebben<span class=\"screen-reader-text\"> &ldquo;Dr. Szalay Tibor&rdquo;<\/span> &raquo;<\/a><\/p>\n","protected":false},"author":14,"featured_media":0,"parent":98,"menu_order":0,"comment_status":"closed","ping_status":"closed","template":"","meta":{"_cbd_carousel_blocks":"[]","jetpack_post_was_ever_published":false,"footnotes":""},"class_list":["post-347","page","type-page","status-publish","hentry"],"jetpack_sharing_enabled":true,"_links":{"self":[{"href":"https:\/\/manuf.bme.hu\/index.php?rest_route=\/wp\/v2\/pages\/347","targetHints":{"allow":["GET"]}}],"collection":[{"href":"https:\/\/manuf.bme.hu\/index.php?rest_route=\/wp\/v2\/pages"}],"about":[{"href":"https:\/\/manuf.bme.hu\/index.php?rest_route=\/wp\/v2\/types\/page"}],"author":[{"embeddable":true,"href":"https:\/\/manuf.bme.hu\/index.php?rest_route=\/wp\/v2\/users\/14"}],"replies":[{"embeddable":true,"href":"https:\/\/manuf.bme.hu\/index.php?rest_route=%2Fwp%2Fv2%2Fcomments&post=347"}],"version-history":[{"count":6,"href":"https:\/\/manuf.bme.hu\/index.php?rest_route=\/wp\/v2\/pages\/347\/revisions"}],"predecessor-version":[{"id":17953,"href":"https:\/\/manuf.bme.hu\/index.php?rest_route=\/wp\/v2\/pages\/347\/revisions\/17953"}],"up":[{"embeddable":true,"href":"https:\/\/manuf.bme.hu\/index.php?rest_route=\/wp\/v2\/pages\/98"}],"wp:attachment":[{"href":"https:\/\/manuf.bme.hu\/index.php?rest_route=%2Fwp%2Fv2%2Fmedia&parent=347"}],"curies":[{"name":"wp","href":"https:\/\/api.w.org\/{rel}","templated":true}]}}