{"id":5212,"date":"2016-10-12T15:31:04","date_gmt":"2016-10-12T13:31:04","guid":{"rendered":"http:\/\/manuf.bme.hu\/?page_id=5212"},"modified":"2016-10-13T12:19:05","modified_gmt":"2016-10-13T10:19:05","slug":"publikacios-tevekenyseg3-bmegegtdpu3","status":"publish","type":"page","link":"https:\/\/manuf.bme.hu\/?page_id=5212","title":{"rendered":"Publik\u00e1ci\u00f3s tev\u00e9kenys\u00e9g3 (BMEGEGTDPU3)"},"content":{"rendered":"","protected":true},"excerpt":{"rendered":"","protected":true},"author":102,"featured_media":0,"parent":591,"menu_order":0,"comment_status":"closed","ping_status":"closed","template":"","meta":{"_cbd_carousel_blocks":"[]","jetpack_post_was_ever_published":false,"footnotes":""},"class_list":["post-5212","page","type-page","status-publish","post-password-required","hentry"],"jetpack_sharing_enabled":true,"_links":{"self":[{"href":"https:\/\/manuf.bme.hu\/index.php?rest_route=\/wp\/v2\/pages\/5212","targetHints":{"allow":["GET"]}}],"collection":[{"href":"https:\/\/manuf.bme.hu\/index.php?rest_route=\/wp\/v2\/pages"}],"about":[{"href":"https:\/\/manuf.bme.hu\/index.php?rest_route=\/wp\/v2\/types\/page"}],"author":[{"embeddable":true,"href":"https:\/\/manuf.bme.hu\/index.php?rest_route=\/wp\/v2\/users\/102"}],"replies":[{"embeddable":true,"href":"https:\/\/manuf.bme.hu\/index.php?rest_route=%2Fwp%2Fv2%2Fcomments&post=5212"}],"version-history":[{"count":0,"href":"https:\/\/manuf.bme.hu\/index.php?rest_route=\/wp\/v2\/pages\/5212\/revisions"}],"up":[{"embeddable":true,"href":"https:\/\/manuf.bme.hu\/index.php?rest_route=\/wp\/v2\/pages\/591"}],"wp:attachment":[{"href":"https:\/\/manuf.bme.hu\/index.php?rest_route=%2Fwp%2Fv2%2Fmedia&parent=5212"}],"curies":[{"name":"wp","href":"https:\/\/api.w.org\/{rel}","templated":true}]}}