{"id":600,"date":"2015-08-27T14:30:35","date_gmt":"2015-08-27T12:30:35","guid":{"rendered":"http:\/\/teszt.manuf.bme.hu\/?page_id=600"},"modified":"2024-03-19T11:44:45","modified_gmt":"2024-03-19T10:44:45","slug":"oktatas-tdk","status":"publish","type":"page","link":"https:\/\/manuf.bme.hu\/?page_id=600","title":{"rendered":"Oktat\u00e1s &#8211; TDK t\u00e9m\u00e1k"},"content":{"rendered":"<table style=\"vertical-align: bottom; border-spacing: 0px; border-collapse: collapse; height: 60px;\" border=\"0\" width=\"393\" cellspacing=\"0\" cellpadding=\"6\">\n<tbody>\n<tr style=\"height: 60px;\">\n<td style=\"vertical-align: bottom;\" align=\"center\">\n<h3><a href=\"http:\/\/manuf.bme.hu\/?page_id=517\">BSc<\/a><\/h3>\n<\/td>\n<td style=\"vertical-align: bottom;\" align=\"center\">\n<h3>|<\/h3>\n<\/td>\n<td style=\"vertical-align: bottom;\" align=\"center\">\n<h3><a href=\"http:\/\/manuf.bme.hu\/?page_id=546\">MSc<\/a><\/h3>\n<\/td>\n<td style=\"vertical-align: bottom;\" align=\"center\">\n<h3>|<\/h3>\n<\/td>\n<td style=\"vertical-align: bottom;\" align=\"center\">\n<h3><a href=\"http:\/\/manuf.bme.hu\/?page_id=591\">PhD<\/a><\/h3>\n<\/td>\n<td style=\"vertical-align: bottom;\" align=\"center\"><\/td>\n<td style=\"vertical-align: bottom; background-color: #f3f3f3;\" align=\"center\">\n<h3><strong>TDK<\/strong><\/h3>\n<\/td>\n<td style=\"vertical-align: bottom;\" align=\"center\"><\/td>\n<td style=\"vertical-align: bottom;\" align=\"center\">\n<h3><a href=\"http:\/\/manuf.bme.hu\/?page_id=439\">T\u00e1rgyarch\u00edvum<\/a><\/h3>\n<\/td>\n<\/tr>\n<\/tbody>\n<\/table>\n<p>A tansz\u00e9k\u00fcnk \u00e1ltal meghirdetett TDK t\u00e9m\u00e1kat az al\u00e1bbi hivatkoz\u00e1son el\u00e9rhet\u0151 t\u00e1bl\u00e1zatban lehet megtekinteni (a t\u00e1bl\u00e1zatban megjel\u00f6lt minden szakdolgozat \u00e9s diplomamunka t\u00e9ma TDK t\u00e9ma is egyben!):<\/p>\n<h2 style=\"text-align: center;\"><a href=\"https:\/\/bmeedu.sharepoint.com\/:l:\/s\/GTT-Adminisztrciscsoport\/FHozeUqAWyhOjQKKFp4baZQB8X3yIZLgV24LS6SgLtVmMg\" target=\"_blank\" rel=\"noopener\">&gt;&gt; Aktu\u00e1lis TDK t\u00e9m\u00e1k &lt;&lt;<\/a><\/h2>\n<p>A t\u00e9m\u00e1k ir\u00e1nt a konzulensekn\u00e9l vagy a TDK felel\u0151sn\u00e9l (<a href=\"https:\/\/manuf.bme.hu\/?page_id=4282\" target=\"_blank\" rel=\"noopener\"><strong>Dr. Geier Norbert<\/strong><\/a>, geier.norbert<img loading=\"lazy\" decoding=\"async\" data-attachment-id=\"14788\" data-permalink=\"https:\/\/manuf.bme.hu\/?attachment_id=14788\" data-orig-file=\"https:\/\/manuf.bme.hu\/wp-content\/uploads\/2021\/02\/email_m_resize.png\" data-orig-size=\"96,16\" data-comments-opened=\"0\" data-image-meta=\"{&quot;aperture&quot;:&quot;0&quot;,&quot;credit&quot;:&quot;&quot;,&quot;camera&quot;:&quot;&quot;,&quot;caption&quot;:&quot;&quot;,&quot;created_timestamp&quot;:&quot;0&quot;,&quot;copyright&quot;:&quot;&quot;,&quot;focal_length&quot;:&quot;0&quot;,&quot;iso&quot;:&quot;0&quot;,&quot;shutter_speed&quot;:&quot;0&quot;,&quot;title&quot;:&quot;&quot;,&quot;orientation&quot;:&quot;0&quot;}\" data-image-title=\"email_m_resize\" data-image-description=\"\" data-image-caption=\"\" data-medium-file=\"https:\/\/manuf.bme.hu\/wp-content\/uploads\/2021\/02\/email_m_resize.png\" data-large-file=\"https:\/\/manuf.bme.hu\/wp-content\/uploads\/2021\/02\/email_m_resize.png\" class=\"inline-image alignnone wp-image-14788\" src=\"https:\/\/manuf.bme.hu\/wp-content\/uploads\/2021\/02\/email_m.png\" alt=\"\" width=\"88\" height=\"13\" \/>) lehet \u00e9rdekl\u0151dni.<\/p>\n<p>A TDK t\u00e9m\u00e1k felvitele folyamatban van.<\/p>\n<h4 id=\"ggyspec\"><\/h4>\n","protected":false},"excerpt":{"rendered":"<p>BSc | MSc | PhD TDK T\u00e1rgyarch\u00edvum A tansz\u00e9k\u00fcnk \u00e1ltal meghirdetett TDK t\u00e9m\u00e1kat az al\u00e1bbi hivatkoz\u00e1son el\u00e9rhet\u0151 t\u00e1bl\u00e1zatban lehet megtekinteni (a t\u00e1bl\u00e1zatban megjel\u00f6lt minden szakdolgozat \u00e9s diplomamunka t\u00e9ma TDK t\u00e9ma is egyben!): &gt;&gt; Aktu\u00e1lis TDK t\u00e9m\u00e1k &lt;&lt; A t\u00e9m\u00e1k ir\u00e1nt a konzulensekn\u00e9l vagy a TDK felel\u0151sn\u00e9l (Dr. Geier Norbert, geier.norbert) lehet \u00e9rdekl\u0151dni. A TDK t\u00e9m\u00e1k&#8230;<\/p>\n<p class=\"more-link-wrap\"><a href=\"https:\/\/manuf.bme.hu\/?page_id=600\" class=\"more-link\">B\u0151vebben<span class=\"screen-reader-text\"> &ldquo;Oktat\u00e1s &#8211; TDK t\u00e9m\u00e1k&rdquo;<\/span> &raquo;<\/a><\/p>\n","protected":false},"author":3,"featured_media":0,"parent":31,"menu_order":0,"comment_status":"closed","ping_status":"closed","template":"page-templates\/medium.php","meta":{"_cbd_carousel_blocks":"[]","jetpack_post_was_ever_published":false,"footnotes":""},"class_list":["post-600","page","type-page","status-publish","hentry"],"jetpack_sharing_enabled":true,"_links":{"self":[{"href":"https:\/\/manuf.bme.hu\/index.php?rest_route=\/wp\/v2\/pages\/600","targetHints":{"allow":["GET"]}}],"collection":[{"href":"https:\/\/manuf.bme.hu\/index.php?rest_route=\/wp\/v2\/pages"}],"about":[{"href":"https:\/\/manuf.bme.hu\/index.php?rest_route=\/wp\/v2\/types\/page"}],"author":[{"embeddable":true,"href":"https:\/\/manuf.bme.hu\/index.php?rest_route=\/wp\/v2\/users\/3"}],"replies":[{"embeddable":true,"href":"https:\/\/manuf.bme.hu\/index.php?rest_route=%2Fwp%2Fv2%2Fcomments&post=600"}],"version-history":[{"count":4,"href":"https:\/\/manuf.bme.hu\/index.php?rest_route=\/wp\/v2\/pages\/600\/revisions"}],"predecessor-version":[{"id":17460,"href":"https:\/\/manuf.bme.hu\/index.php?rest_route=\/wp\/v2\/pages\/600\/revisions\/17460"}],"up":[{"embeddable":true,"href":"https:\/\/manuf.bme.hu\/index.php?rest_route=\/wp\/v2\/pages\/31"}],"wp:attachment":[{"href":"https:\/\/manuf.bme.hu\/index.php?rest_route=%2Fwp%2Fv2%2Fmedia&parent=600"}],"curies":[{"name":"wp","href":"https:\/\/api.w.org\/{rel}","templated":true}]}}