{"id":7243,"date":"2018-01-03T12:13:18","date_gmt":"2018-01-03T11:13:18","guid":{"rendered":"http:\/\/manuf.bme.hu\/?page_id=7243"},"modified":"2021-02-05T14:28:03","modified_gmt":"2021-02-05T13:28:03","slug":"toldi-krisztina","status":"publish","type":"page","link":"https:\/\/manuf.bme.hu\/?page_id=7243","title":{"rendered":"Toldi Krisztina"},"content":{"rendered":"<p>Gazdas\u00e1gi \u00fcgyint\u00e9z\u0151<br \/>\n<img loading=\"lazy\" decoding=\"async\" class=\"so-widget-image alignright\" src=\"https:\/\/manuf.bme.hu\/wp-content\/uploads\/2015\/08\/nobody_women_resize.png\" alt=\"\" width=\"175\" height=\"175\" \/><\/p>\n<h4><strong>El\u00e9rhet\u0151s\u00e9g<\/strong><\/h4>\n<p>Iroda: T. \u00e9p. 41<br \/>\nTelefonsz\u00e1m: +36 1 463 3176<br \/>\nKonzult\u00e1ci\u00f3:<br \/>\nE-mail: toldi.krisztina<img loading=\"lazy\" decoding=\"async\" data-attachment-id=\"14788\" data-permalink=\"https:\/\/manuf.bme.hu\/?attachment_id=14788\" data-orig-file=\"https:\/\/manuf.bme.hu\/wp-content\/uploads\/2021\/02\/email_m_resize.png\" data-orig-size=\"96,16\" data-comments-opened=\"0\" data-image-meta=\"{&quot;aperture&quot;:&quot;0&quot;,&quot;credit&quot;:&quot;&quot;,&quot;camera&quot;:&quot;&quot;,&quot;caption&quot;:&quot;&quot;,&quot;created_timestamp&quot;:&quot;0&quot;,&quot;copyright&quot;:&quot;&quot;,&quot;focal_length&quot;:&quot;0&quot;,&quot;iso&quot;:&quot;0&quot;,&quot;shutter_speed&quot;:&quot;0&quot;,&quot;title&quot;:&quot;&quot;,&quot;orientation&quot;:&quot;0&quot;}\" data-image-title=\"email_m_resize\" data-image-description=\"\" data-image-caption=\"\" data-medium-file=\"https:\/\/manuf.bme.hu\/wp-content\/uploads\/2021\/02\/email_m_resize.png\" data-large-file=\"https:\/\/manuf.bme.hu\/wp-content\/uploads\/2021\/02\/email_m_resize.png\" class=\"inline-image alignnone wp-image-14788\" src=\"https:\/\/manuf.bme.hu\/wp-content\/uploads\/2021\/02\/email_m.png\" alt=\"\" width=\"88\" height=\"13\" \/><\/p>\n<p>&nbsp;<\/p>\n<p>&nbsp;<\/p>\n<p>&nbsp;<\/p>\n<hr \/>\n<h4><\/h4>\n<h4><strong>Tanulm\u00e1nyok\/ Munkahelyek<\/strong><\/h4>\n<h4><strong>\u00d6szt\u00f6nd\u00edjak<\/strong><\/h4>\n<h4><strong>Tudom\u00e1nyos fokozatok<\/strong><\/h4>\n<h4><strong>D\u00edjak, elismer\u00e9sek, \u00f6szt\u00f6nd\u00edjak<\/strong><\/h4>\n<h4><strong>Kutat\u00e1si ter\u00fcletek \u00e9s tev\u00e9kenys\u00e9gek<\/strong><\/h4>\n<h4><strong>Doktori iskola<\/strong><\/h4>\n<h4><strong>Egy\u00e9b szakmai, k\u00f6z\u00e9leti tev\u00e9kenys\u00e9g<\/strong><\/h4>\n<h4><strong>Publik\u00e1ci\u00f3s tev\u00e9kenys\u00e9g<\/strong><\/h4>\n<h4><strong>Oktatott tant\u00e1rgyak<\/strong><\/h4>\n<h4><strong>Nyelvismeret<\/strong><\/h4>\n<h4><strong>Csal\u00e1d\/Szem\u00e9lyes<\/strong><\/h4>\n<h4><strong>T\u00e9maaj\u00e1nlatok<\/strong><\/h4>\n","protected":false},"excerpt":{"rendered":"<p>Gazdas\u00e1gi \u00fcgyint\u00e9z\u0151 El\u00e9rhet\u0151s\u00e9g Iroda: T. \u00e9p. 41 Telefonsz\u00e1m: +36 1 463 3176 Konzult\u00e1ci\u00f3: E-mail: toldi.krisztina &nbsp; &nbsp; &nbsp; Tanulm\u00e1nyok\/ Munkahelyek \u00d6szt\u00f6nd\u00edjak Tudom\u00e1nyos fokozatok D\u00edjak, elismer\u00e9sek, \u00f6szt\u00f6nd\u00edjak Kutat\u00e1si ter\u00fcletek \u00e9s tev\u00e9kenys\u00e9gek Doktori iskola Egy\u00e9b szakmai, k\u00f6z\u00e9leti tev\u00e9kenys\u00e9g Publik\u00e1ci\u00f3s tev\u00e9kenys\u00e9g Oktatott tant\u00e1rgyak Nyelvismeret Csal\u00e1d\/Szem\u00e9lyes T\u00e9maaj\u00e1nlatok<\/p>\n","protected":false},"author":102,"featured_media":0,"parent":98,"menu_order":0,"comment_status":"closed","ping_status":"closed","template":"","meta":{"_cbd_carousel_blocks":"[]","jetpack_post_was_ever_published":false,"footnotes":""},"class_list":["post-7243","page","type-page","status-publish","hentry"],"jetpack_sharing_enabled":true,"_links":{"self":[{"href":"https:\/\/manuf.bme.hu\/index.php?rest_route=\/wp\/v2\/pages\/7243","targetHints":{"allow":["GET"]}}],"collection":[{"href":"https:\/\/manuf.bme.hu\/index.php?rest_route=\/wp\/v2\/pages"}],"about":[{"href":"https:\/\/manuf.bme.hu\/index.php?rest_route=\/wp\/v2\/types\/page"}],"author":[{"embeddable":true,"href":"https:\/\/manuf.bme.hu\/index.php?rest_route=\/wp\/v2\/users\/102"}],"replies":[{"embeddable":true,"href":"https:\/\/manuf.bme.hu\/index.php?rest_route=%2Fwp%2Fv2%2Fcomments&post=7243"}],"version-history":[{"count":0,"href":"https:\/\/manuf.bme.hu\/index.php?rest_route=\/wp\/v2\/pages\/7243\/revisions"}],"up":[{"embeddable":true,"href":"https:\/\/manuf.bme.hu\/index.php?rest_route=\/wp\/v2\/pages\/98"}],"wp:attachment":[{"href":"https:\/\/manuf.bme.hu\/index.php?rest_route=%2Fwp%2Fv2%2Fmedia&parent=7243"}],"curies":[{"name":"wp","href":"https:\/\/api.w.org\/{rel}","templated":true}]}}